{"id":8,"date":"2024-09-05T13:45:38","date_gmt":"2024-09-05T13:45:38","guid":{"rendered":"https:\/\/imcardio.com.br\/agenda\/?page_id=8"},"modified":"2025-04-01T21:35:38","modified_gmt":"2025-04-01T21:35:38","slug":"home","status":"publish","type":"page","link":"https:\/\/imcardio.com.br\/agenda\/","title":{"rendered":"Home"},"content":{"rendered":"\t\t<div data-elementor-type=\"wp-page\" data-elementor-id=\"8\" class=\"elementor elementor-8\" data-elementor-post-type=\"page\">\n\t\t\t\t<div class=\"elementor-element elementor-element-2bc0157 e-flex e-con-boxed e-con e-parent\" data-id=\"2bc0157\" data-element_type=\"container\" data-e-type=\"container\">\n\t\t\t\t\t<div class=\"e-con-inner\">\n\t\t\t\t<div class=\"elementor-element elementor-element-f52f439 elementor-widget elementor-widget-image\" data-id=\"f52f439\" data-element_type=\"widget\" data-e-type=\"widget\" data-widget_type=\"image.default\">\n\t\t\t\t<div class=\"elementor-widget-container\">\n\t\t\t\t\t\t\t\t\t\t\t\t\t\t\t<img decoding=\"async\" width=\"150\" height=\"150\" src=\"https:\/\/imcardio.com.br\/agenda\/wp-content\/uploads\/2025\/03\/Icon-150x150.png\" class=\"attachment-thumbnail size-thumbnail wp-image-267\" alt=\"\" srcset=\"https:\/\/imcardio.com.br\/agenda\/wp-content\/uploads\/2025\/03\/Icon-150x150.png 150w, https:\/\/imcardio.com.br\/agenda\/wp-content\/uploads\/2025\/03\/Icon-300x300.png 300w, https:\/\/imcardio.com.br\/agenda\/wp-content\/uploads\/2025\/03\/Icon.png 512w\" sizes=\"(max-width: 150px) 100vw, 150px\" \/>\t\t\t\t\t\t\t\t\t\t\t\t\t\t\t<\/div>\n\t\t\t\t<\/div>\n\t\t\t\t<div class=\"elementor-element elementor-element-dcd88a4 elementor-widget elementor-widget-heading\" data-id=\"dcd88a4\" data-element_type=\"widget\" data-e-type=\"widget\" data-widget_type=\"heading.default\">\n\t\t\t\t<div class=\"elementor-widget-container\">\n\t\t\t\t\t<h2 class=\"elementor-heading-title elementor-size-default\">Instituto Materno Cardiol\u00f3gico<\/h2>\t\t\t\t<\/div>\n\t\t\t\t<\/div>\n\t\t\t\t\t<\/div>\n\t\t\t\t<\/div>\n\t\t<div class=\"elementor-element elementor-element-4d699d7 e-flex e-con-boxed e-con e-parent\" data-id=\"4d699d7\" data-element_type=\"container\" data-e-type=\"container\">\n\t\t\t\t\t<div class=\"e-con-inner\">\n\t\t\t\t<div class=\"elementor-element elementor-element-ab5b3d4 elementor-widget__width-initial elementor-widget elementor-widget-text-editor\" data-id=\"ab5b3d4\" data-element_type=\"widget\" data-e-type=\"widget\" data-widget_type=\"text-editor.default\">\n\t\t\t\t<div class=\"elementor-widget-container\">\n\t\t\t\t\t\t\t\t\t<p>Refer\u00eancia em sa\u00fade em nossa regi\u00e3o, com diversas especialidades e exames diagn\u00f3sticos.<\/p>\t\t\t\t\t\t\t\t<\/div>\n\t\t\t\t<\/div>\n\t\t\t\t\t<\/div>\n\t\t\t\t<\/div>\n\t\t<div class=\"elementor-element elementor-element-fcb8544 e-flex e-con-boxed e-con e-parent\" data-id=\"fcb8544\" data-element_type=\"container\" data-e-type=\"container\">\n\t\t\t\t\t<div class=\"e-con-inner\">\n\t\t<a class=\"elementor-element elementor-element-c4773cb e-con-full e-flex e-con e-child\" data-id=\"c4773cb\" data-element_type=\"container\" data-e-type=\"container\" data-settings=\"{&quot;background_background&quot;:&quot;gradient&quot;}\" href=\"https:\/\/wa.me\/557498131308\">\n\t\t\t\t<div class=\"elementor-element elementor-element-6639e70 elementor-view-default elementor-widget elementor-widget-icon\" data-id=\"6639e70\" data-element_type=\"widget\" data-e-type=\"widget\" data-widget_type=\"icon.default\">\n\t\t\t\t<div class=\"elementor-widget-container\">\n\t\t\t\t\t\t\t<div class=\"elementor-icon-wrapper\">\n\t\t\t<div class=\"elementor-icon\">\n\t\t\t<svg aria-hidden=\"true\" class=\"e-font-icon-svg e-fab-whatsapp\" viewBox=\"0 0 448 512\" xmlns=\"http:\/\/www.w3.org\/2000\/svg\"><path d=\"M380.9 97.1C339 55.1 283.2 32 223.9 32c-122.4 0-222 99.6-222 222 0 39.1 10.2 77.3 29.6 111L0 480l117.7-30.9c32.4 17.7 68.9 27 106.1 27h.1c122.3 0 224.1-99.6 224.1-222 0-59.3-25.2-115-67.1-157zm-157 341.6c-33.2 0-65.7-8.9-94-25.7l-6.7-4-69.8 18.3L72 359.2l-4.4-7c-18.5-29.4-28.2-63.3-28.2-98.2 0-101.7 82.8-184.5 184.6-184.5 49.3 0 95.6 19.2 130.4 54.1 34.8 34.9 56.2 81.2 56.1 130.5 0 101.8-84.9 184.6-186.6 184.6zm101.2-138.2c-5.5-2.8-32.8-16.2-37.9-18-5.1-1.9-8.8-2.8-12.5 2.8-3.7 5.6-14.3 18-17.6 21.8-3.2 3.7-6.5 4.2-12 1.4-32.6-16.3-54-29.1-75.5-66-5.7-9.8 5.7-9.1 16.3-30.3 1.8-3.7.9-6.9-.5-9.7-1.4-2.8-12.5-30.1-17.1-41.2-4.5-10.8-9.1-9.3-12.5-9.5-3.2-.2-6.9-.2-10.6-.2-3.7 0-9.7 1.4-14.8 6.9-5.1 5.6-19.4 19-19.4 46.3 0 27.3 19.9 53.7 22.6 57.4 2.8 3.7 39.1 59.7 94.8 83.8 35.2 15.2 49 16.5 66.6 13.9 10.7-1.6 32.8-13.4 37.4-26.4 4.6-13 4.6-24.1 3.2-26.4-1.3-2.5-5-3.9-10.5-6.6z\"><\/path><\/svg>\t\t\t<\/div>\n\t\t<\/div>\n\t\t\t\t\t\t<\/div>\n\t\t\t\t<\/div>\n\t\t\t\t<div class=\"elementor-element elementor-element-01e9361 elementor-widget elementor-widget-text-editor\" data-id=\"01e9361\" data-element_type=\"widget\" data-e-type=\"widget\" data-widget_type=\"text-editor.default\">\n\t\t\t\t<div class=\"elementor-widget-container\">\n\t\t\t\t\t\t\t\t\t<p>WhatsApp<\/p>\t\t\t\t\t\t\t\t<\/div>\n\t\t\t\t<\/div>\n\t\t\t\t<\/a>\n\t\t\t\t<div class=\"elementor-element elementor-element-158a0ab elementor-widget elementor-widget-spacer\" data-id=\"158a0ab\" data-element_type=\"widget\" data-e-type=\"widget\" data-widget_type=\"spacer.default\">\n\t\t\t\t<div class=\"elementor-widget-container\">\n\t\t\t\t\t\t\t<div class=\"elementor-spacer\">\n\t\t\t<div class=\"elementor-spacer-inner\"><\/div>\n\t\t<\/div>\n\t\t\t\t\t\t<\/div>\n\t\t\t\t<\/div>\n\t\t\t\t\t<\/div>\n\t\t\t\t<\/div>\n\t\t<div class=\"elementor-element elementor-element-1f3eecf e-flex e-con-boxed e-con e-parent\" data-id=\"1f3eecf\" data-element_type=\"container\" data-e-type=\"container\">\n\t\t\t\t\t<div class=\"e-con-inner\">\n\t\t\t\t<div class=\"elementor-element elementor-element-293e15f elementor-view-default elementor-widget elementor-widget-icon\" data-id=\"293e15f\" data-element_type=\"widget\" data-e-type=\"widget\" data-widget_type=\"icon.default\">\n\t\t\t\t<div class=\"elementor-widget-container\">\n\t\t\t\t\t\t\t<div class=\"elementor-icon-wrapper\">\n\t\t\t<a class=\"elementor-icon\" href=\"tel:7436272198\">\n\t\t\t<svg xmlns=\"http:\/\/www.w3.org\/2000\/svg\" xmlns:xlink=\"http:\/\/www.w3.org\/1999\/xlink\" id=\"Layer_1\" x=\"0px\" y=\"0px\" viewBox=\"0 0 512 512\" style=\"enable-background:new 0 0 512 512;\" xml:space=\"preserve\"><g>\t<g>\t\t<path d=\"M436.992,74.953c-99.989-99.959-262.08-99.935-362.039,0.055s-99.935,262.08,0.055,362.039s262.08,99.935,362.039-0.055   c48.006-48.021,74.968-113.146,74.953-181.047C511.986,188.055,485.005,122.951,436.992,74.953z M387.703,356.605   c-0.011,0.011-0.022,0.023-0.034,0.034v-0.085l-12.971,12.885c-16.775,16.987-41.206,23.976-64.427,18.432   c-23.395-6.262-45.635-16.23-65.877-29.525c-18.806-12.019-36.234-26.069-51.968-41.899   c-14.477-14.371-27.483-30.151-38.827-47.104c-12.408-18.242-22.229-38.114-29.184-59.051   c-7.973-24.596-1.366-51.585,17.067-69.717l15.189-15.189c4.223-4.242,11.085-4.257,15.326-0.034   c0.011,0.011,0.023,0.022,0.034,0.034l47.957,47.957c4.242,4.223,4.257,11.085,0.034,15.326c-0.011,0.011-0.022,0.022-0.034,0.034   l-28.16,28.16c-8.08,7.992-9.096,20.692-2.389,29.867c10.185,13.978,21.456,27.131,33.707,39.339   c13.659,13.718,28.508,26.197,44.373,37.291c9.167,6.394,21.595,5.316,29.525-2.56l27.221-27.648   c4.223-4.242,11.085-4.257,15.326-0.034c0.011,0.011,0.022,0.022,0.034,0.034l48.043,48.128   C391.911,345.502,391.926,352.363,387.703,356.605z\"><\/path>\t<\/g><\/g><g><\/g><g><\/g><g><\/g><g><\/g><g><\/g><g><\/g><g><\/g><g><\/g><g><\/g><g><\/g><g><\/g><g><\/g><g><\/g><g><\/g><g><\/g><\/svg>\t\t\t<\/a>\n\t\t<\/div>\n\t\t\t\t\t\t<\/div>\n\t\t\t\t<\/div>\n\t\t\t\t<div class=\"elementor-element elementor-element-ef66757 elementor-view-default elementor-widget elementor-widget-icon\" data-id=\"ef66757\" data-element_type=\"widget\" data-e-type=\"widget\" data-widget_type=\"icon.default\">\n\t\t\t\t<div class=\"elementor-widget-container\">\n\t\t\t\t\t\t\t<div class=\"elementor-icon-wrapper\">\n\t\t\t<a class=\"elementor-icon\" href=\"https:\/\/www.instagram.com\/imcardio\/\">\n\t\t\t<svg xmlns=\"http:\/\/www.w3.org\/2000\/svg\" height=\"512pt\" viewBox=\"0 0 512 512\" width=\"512pt\"><path d=\"m305 256c0 27.0625-21.9375 49-49 49s-49-21.9375-49-49 21.9375-49 49-49 49 21.9375 49 49zm0 0\"><\/path><path d=\"m370.59375 169.304688c-2.355469-6.382813-6.113281-12.160157-10.996094-16.902344-4.742187-4.882813-10.515625-8.640625-16.902344-10.996094-5.179687-2.011719-12.960937-4.40625-27.292968-5.058594-15.503906-.707031-20.152344-.859375-59.402344-.859375-39.253906 0-43.902344.148438-59.402344.855469-14.332031.65625-22.117187 3.050781-27.292968 5.0625-6.386719 2.355469-12.164063 6.113281-16.902344 10.996094-4.882813 4.742187-8.640625 10.515625-11 16.902344-2.011719 5.179687-4.40625 12.964843-5.058594 27.296874-.707031 15.5-.859375 20.148438-.859375 59.402344 0 39.25.152344 43.898438.859375 59.402344.652344 14.332031 3.046875 22.113281 5.058594 27.292969 2.359375 6.386719 6.113281 12.160156 10.996094 16.902343 4.742187 4.882813 10.515624 8.640626 16.902343 10.996094 5.179688 2.015625 12.964844 4.410156 27.296875 5.0625 15.5.707032 20.144532.855469 59.398438.855469 39.257812 0 43.90625-.148437 59.402344-.855469 14.332031-.652344 22.117187-3.046875 27.296874-5.0625 12.820313-4.945312 22.953126-15.078125 27.898438-27.898437 2.011719-5.179688 4.40625-12.960938 5.0625-27.292969.707031-15.503906.855469-20.152344.855469-59.402344 0-39.253906-.148438-43.902344-.855469-59.402344-.652344-14.332031-3.046875-22.117187-5.0625-27.296874zm-114.59375 162.179687c-41.691406 0-75.488281-33.792969-75.488281-75.484375s33.796875-75.484375 75.488281-75.484375c41.6875 0 75.484375 33.792969 75.484375 75.484375s-33.796875 75.484375-75.484375 75.484375zm78.46875-136.3125c-9.742188 0-17.640625-7.898437-17.640625-17.640625s7.898437-17.640625 17.640625-17.640625 17.640625 7.898437 17.640625 17.640625c-.003906 9.742188-7.898437 17.640625-17.640625 17.640625zm0 0\"><\/path><path d=\"m256 0c-141.363281 0-256 114.636719-256 256s114.636719 256 256 256 256-114.636719 256-256-114.636719-256-256-256zm146.113281 316.605469c-.710937 15.648437-3.199219 26.332031-6.832031 35.683593-7.636719 19.746094-23.246094 35.355469-42.992188 42.992188-9.347656 3.632812-20.035156 6.117188-35.679687 6.832031-15.675781.714844-20.683594.886719-60.605469.886719-39.925781 0-44.929687-.171875-60.609375-.886719-15.644531-.714843-26.332031-3.199219-35.679687-6.832031-9.8125-3.691406-18.695313-9.476562-26.039063-16.957031-7.476562-7.339844-13.261719-16.226563-16.953125-26.035157-3.632812-9.347656-6.121094-20.035156-6.832031-35.679687-.722656-15.679687-.890625-20.6875-.890625-60.609375s.167969-44.929688.886719-60.605469c.710937-15.648437 3.195312-26.332031 6.828125-35.683593 3.691406-9.808594 9.480468-18.695313 16.960937-26.035157 7.339844-7.480469 16.226563-13.265625 26.035157-16.957031 9.351562-3.632812 20.035156-6.117188 35.683593-6.832031 15.675781-.714844 20.683594-.886719 60.605469-.886719s44.929688.171875 60.605469.890625c15.648437.710937 26.332031 3.195313 35.683593 6.824219 9.808594 3.691406 18.695313 9.480468 26.039063 16.960937 7.476563 7.34375 13.265625 16.226563 16.953125 26.035157 3.636719 9.351562 6.121094 20.035156 6.835938 35.683593.714843 15.675781.882812 20.683594.882812 60.605469s-.167969 44.929688-.886719 60.605469zm0 0\"><\/path><\/svg>\t\t\t<\/a>\n\t\t<\/div>\n\t\t\t\t\t\t<\/div>\n\t\t\t\t<\/div>\n\t\t\t\t<div class=\"elementor-element elementor-element-3639e5a elementor-view-default elementor-widget elementor-widget-icon\" data-id=\"3639e5a\" data-element_type=\"widget\" data-e-type=\"widget\" data-widget_type=\"icon.default\">\n\t\t\t\t<div class=\"elementor-widget-container\">\n\t\t\t\t\t\t\t<div class=\"elementor-icon-wrapper\">\n\t\t\t<a class=\"elementor-icon\" href=\"mailto:admimcardio@yahoo.com.br\">\n\t\t\t<svg xmlns=\"http:\/\/www.w3.org\/2000\/svg\" id=\"Layer_1\" height=\"512\" viewBox=\"0 0 512 512\" width=\"512\"><path clip-rule=\"evenodd\" d=\"m256 512c-141.159 0-256-114.841-256-256s114.841-256 256-256 256 114.841 256 256-114.841 256-256 256zm132.758-166.069c3.156 0 5.725-2.568 5.725-5.725v-160.717l-130.25 103.432c-2.41 1.915-5.323 2.872-8.234 2.872s-5.823-.958-8.234-2.872l-130.249-103.432v160.717c0 3.157 2.569 5.725 5.725 5.725zm-19.96-179.862-112.798 89.575-112.799-89.575zm52.168 5.725v168.414c0 17.759-14.449 32.208-32.208 32.208h-265.517c-17.76 0-32.207-14.449-32.207-32.208v-168.414c0-17.759 14.448-32.207 32.207-32.207h265.517c17.759-.001 32.208 14.448 32.208 32.207z\" fill-rule=\"evenodd\"><\/path><\/svg>\t\t\t<\/a>\n\t\t<\/div>\n\t\t\t\t\t\t<\/div>\n\t\t\t\t<\/div>\n\t\t\t\t\t<\/div>\n\t\t\t\t<\/div>\n\t\t\t\t<\/div>\n\t\t","protected":false},"excerpt":{"rendered":"<p>Instituto Materno Cardiol\u00f3gico Refer\u00eancia em sa\u00fade em nossa regi\u00e3o, com diversas especialidades e exames diagn\u00f3sticos. WhatsApp<\/p>\n","protected":false},"author":1,"featured_media":0,"parent":0,"menu_order":1,"comment_status":"closed","ping_status":"closed","template":"elementor_canvas","meta":{"footnotes":""},"class_list":["post-8","page","type-page","status-publish","hentry"],"_links":{"self":[{"href":"https:\/\/imcardio.com.br\/agenda\/wp-json\/wp\/v2\/pages\/8","targetHints":{"allow":["GET"]}}],"collection":[{"href":"https:\/\/imcardio.com.br\/agenda\/wp-json\/wp\/v2\/pages"}],"about":[{"href":"https:\/\/imcardio.com.br\/agenda\/wp-json\/wp\/v2\/types\/page"}],"author":[{"embeddable":true,"href":"https:\/\/imcardio.com.br\/agenda\/wp-json\/wp\/v2\/users\/1"}],"replies":[{"embeddable":true,"href":"https:\/\/imcardio.com.br\/agenda\/wp-json\/wp\/v2\/comments?post=8"}],"version-history":[{"count":37,"href":"https:\/\/imcardio.com.br\/agenda\/wp-json\/wp\/v2\/pages\/8\/revisions"}],"predecessor-version":[{"id":300,"href":"https:\/\/imcardio.com.br\/agenda\/wp-json\/wp\/v2\/pages\/8\/revisions\/300"}],"wp:attachment":[{"href":"https:\/\/imcardio.com.br\/agenda\/wp-json\/wp\/v2\/media?parent=8"}],"curies":[{"name":"wp","href":"https:\/\/api.w.org\/{rel}","templated":true}]}}